{"id":3159,"date":"2025-08-19T15:36:44","date_gmt":"2025-08-19T15:36:44","guid":{"rendered":"https:\/\/www.betechlock.com\/?post_type=product&#038;p=3159"},"modified":"2025-08-19T15:36:44","modified_gmt":"2025-08-19T15:36:44","slug":"be-tech-wireless-online-electronic-lock","status":"publish","type":"product","link":"https:\/\/www.betechlock.com\/es\/producto\/be-tech-wireless-online-electronic-lock","title":{"rendered":"Cerradura electr\u00f3nica inal\u00e1mbrica en l\u00ednea Be-Tech"},"content":{"rendered":"","protected":false},"excerpt":{"rendered":"<p>Be-Tech Online system is a ideal solution for all type of properties like commercial, public and industry buildings. It is a efficient system solution for the market demand of access control, up-to-date security features or upgrading the operations at your property.<\/p>","protected":false},"featured_media":3162,"template":"","meta":[],"product_brand":[],"product_cat":[15],"product_tag":[],"class_list":{"0":"post-3159","1":"product","2":"type-product","3":"status-publish","4":"has-post-thumbnail","6":"product_cat-electronic-hotel-locks","8":"first","9":"instock","10":"shipping-taxable","11":"product-type-simple"},"_links":{"self":[{"href":"https:\/\/www.betechlock.com\/es\/wp-json\/wp\/v2\/product\/3159","targetHints":{"allow":["GET"]}}],"collection":[{"href":"https:\/\/www.betechlock.com\/es\/wp-json\/wp\/v2\/product"}],"about":[{"href":"https:\/\/www.betechlock.com\/es\/wp-json\/wp\/v2\/types\/product"}],"wp:featuredmedia":[{"embeddable":true,"href":"https:\/\/www.betechlock.com\/es\/wp-json\/wp\/v2\/media\/3162"}],"wp:attachment":[{"href":"https:\/\/www.betechlock.com\/es\/wp-json\/wp\/v2\/media?parent=3159"}],"wp:term":[{"taxonomy":"product_brand","embeddable":true,"href":"https:\/\/www.betechlock.com\/es\/wp-json\/wp\/v2\/product_brand?post=3159"},{"taxonomy":"product_cat","embeddable":true,"href":"https:\/\/www.betechlock.com\/es\/wp-json\/wp\/v2\/product_cat?post=3159"},{"taxonomy":"product_tag","embeddable":true,"href":"https:\/\/www.betechlock.com\/es\/wp-json\/wp\/v2\/product_tag?post=3159"}],"curies":[{"name":"wp","href":"https:\/\/api.w.org\/{rel}","templated":true}]}}